{"id":32,"date":"2023-06-06T08:03:50","date_gmt":"2023-06-06T08:03:50","guid":{"rendered":"https:\/\/autopromet.rs\/citroen\/?page_id=32"},"modified":"2023-08-31T20:21:54","modified_gmt":"2023-08-31T20:21:54","slug":"o-nama","status":"publish","type":"page","link":"https:\/\/autopromet.rs\/citroen\/o-nama\/","title":{"rendered":"O nama"},"content":{"rendered":"\t\t<div data-elementor-type=\"wp-page\" data-elementor-id=\"32\" class=\"elementor elementor-32\" data-elementor-post-type=\"page\">\n\t\t\t\t\t\t<section class=\"elementor-section elementor-top-section elementor-element elementor-element-a72bb4f elementor-section-boxed elementor-section-height-default elementor-section-height-default\" data-id=\"a72bb4f\" data-element_type=\"section\">\n\t\t\t\t\t\t<div class=\"elementor-container elementor-column-gap-default\">\n\t\t\t\t\t<div class=\"elementor-column elementor-col-100 elementor-top-column elementor-element elementor-element-933aeec\" data-id=\"933aeec\" data-element_type=\"column\">\n\t\t\t<div class=\"elementor-widget-wrap elementor-element-populated\">\n\t\t\t\t\t\t<div class=\"elementor-element elementor-element-2bf0ea1 elementor-widget elementor-widget-spacer\" data-id=\"2bf0ea1\" data-element_type=\"widget\" data-widget_type=\"spacer.default\">\n\t\t\t\t<div class=\"elementor-widget-container\">\n\t\t\t\t\t\t\t<div class=\"elementor-spacer\">\n\t\t\t<div class=\"elementor-spacer-inner\"><\/div>\n\t\t<\/div>\n\t\t\t\t\t\t<\/div>\n\t\t\t\t<\/div>\n\t\t\t\t\t<\/div>\n\t\t<\/div>\n\t\t\t\t\t<\/div>\n\t\t<\/section>\n\t\t\t\t<section class=\"elementor-section elementor-top-section elementor-element elementor-element-5f782fc elementor-section-boxed elementor-section-height-default elementor-section-height-default\" data-id=\"5f782fc\" data-element_type=\"section\">\n\t\t\t\t\t\t<div class=\"elementor-container elementor-column-gap-default\">\n\t\t\t\t\t<div class=\"elementor-column elementor-col-100 elementor-top-column elementor-element elementor-element-bf730c1\" data-id=\"bf730c1\" data-element_type=\"column\">\n\t\t\t<div class=\"elementor-widget-wrap elementor-element-populated\">\n\t\t\t\t\t\t<div class=\"elementor-element elementor-element-a57246e elementor-widget elementor-widget-heading\" data-id=\"a57246e\" data-element_type=\"widget\" data-widget_type=\"heading.default\">\n\t\t\t\t<div class=\"elementor-widget-container\">\n\t\t\t\t\t<h1 class=\"elementor-heading-title elementor-size-default\">O nama<\/h1>\t\t\t\t<\/div>\n\t\t\t\t<\/div>\n\t\t\t\t\t<\/div>\n\t\t<\/div>\n\t\t\t\t\t<\/div>\n\t\t<\/section>\n\t\t\t\t<section class=\"elementor-section elementor-top-section elementor-element elementor-element-560b9ad elementor-section-boxed elementor-section-height-default elementor-section-height-default\" data-id=\"560b9ad\" data-element_type=\"section\">\n\t\t\t\t\t\t<div class=\"elementor-container elementor-column-gap-default\">\n\t\t\t\t\t<div class=\"elementor-column elementor-col-100 elementor-top-column elementor-element elementor-element-820e34a\" data-id=\"820e34a\" data-element_type=\"column\">\n\t\t\t<div class=\"elementor-widget-wrap elementor-element-populated\">\n\t\t\t\t\t\t<div class=\"elementor-element elementor-element-bcc9273 elementor-widget elementor-widget-spacer\" data-id=\"bcc9273\" data-element_type=\"widget\" data-widget_type=\"spacer.default\">\n\t\t\t\t<div class=\"elementor-widget-container\">\n\t\t\t\t\t\t\t<div class=\"elementor-spacer\">\n\t\t\t<div class=\"elementor-spacer-inner\"><\/div>\n\t\t<\/div>\n\t\t\t\t\t\t<\/div>\n\t\t\t\t<\/div>\n\t\t\t\t\t<\/div>\n\t\t<\/div>\n\t\t\t\t\t<\/div>\n\t\t<\/section>\n\t\t\t\t<section class=\"elementor-section elementor-top-section elementor-element elementor-element-5b69d30 elementor-section-boxed elementor-section-height-default elementor-section-height-default\" data-id=\"5b69d30\" data-element_type=\"section\">\n\t\t\t\t\t\t<div class=\"elementor-container elementor-column-gap-default\">\n\t\t\t\t\t<div class=\"elementor-column elementor-col-100 elementor-top-column elementor-element elementor-element-59d072f\" data-id=\"59d072f\" data-element_type=\"column\">\n\t\t\t<div class=\"elementor-widget-wrap elementor-element-populated\">\n\t\t\t\t\t\t<div class=\"elementor-element elementor-element-77c8b51 elementor-widget elementor-widget-text-editor\" data-id=\"77c8b51\" data-element_type=\"widget\" data-widget_type=\"text-editor.default\">\n\t\t\t\t<div class=\"elementor-widget-container\">\n\t\t\t\t\t\t\t\t\t<p>Autopromet je jedan od najve\u0107ih ovla\u0161\u0107enih dilera i servisera Citro\u00ebn vozila u Srbiji. Kod nas, mo\u017eete izabrati Va\u0161e novo Citro\u00ebn vozilo, odr\u017eavati ga po najvi\u0161im standardima i u najkra\u0107em roku ili poru\u010diti odgovaraju\u0107i deo za Va\u0161 Citroen automobil.<\/p><p>Posedujemo visok nivo radne i tehnolo\u0161ke osposobljenosti, fokusirani smo na Va\u0161e potrebe i konstantno unapre\u0111ujemo nivo usluga uz ponudu aktuelnih modela vozila koji su Vam na raspolaganju u najkra\u0107em roku.<\/p><p>Na\u0161a ponuda automobila obuhvata sve aktuelne modele koje Vam, zahvaljuju\u0107i sveobuhvatnoj usluzi, mo\u017eemo staviti na raspolaganje u najkra\u0107em mogu\u0107em roku. Posetite nas u na\u0161em prodajnom salonu ili se informi\u0161ite putem na\u0161eg web sajta i pro\u010ditajte o svakom modelu na stranicama odgovaraju\u0107eg modela.<\/p><p>U svom sastavu Autopromet sadr\u017ei servis opremljen savremenom tehnologijom, a na\u0161a tehni\u010dka lica su pro\u0161la najstro\u017ee standarde obuke kompanija Citro\u00ebn. Na raspolaganju su Vam mehani\u010darske usluge, limarsko-farbarske usluge, auto-dijagnostika, usluge auto-elektronike, vulkanizerske usluge i zamenska vozila.<\/p><p>Nudimo Vam i mogu\u0107nost nabavke originalnih Citro\u00ebn rezervnih delova uz neizostavnu garanciju kako na delove tako i ugradnju.<\/p><p>Za Vas, sve usluge na jednom mestu. Va\u0161 Autopromet.<\/p>\t\t\t\t\t\t\t\t<\/div>\n\t\t\t\t<\/div>\n\t\t\t\t\t<\/div>\n\t\t<\/div>\n\t\t\t\t\t<\/div>\n\t\t<\/section>\n\t\t\t\t<section class=\"elementor-section elementor-top-section elementor-element elementor-element-f7e09ec elementor-section-boxed elementor-section-height-default elementor-section-height-default\" data-id=\"f7e09ec\" data-element_type=\"section\">\n\t\t\t\t\t\t<div class=\"elementor-container elementor-column-gap-default\">\n\t\t\t\t\t<div class=\"elementor-column elementor-col-100 elementor-top-column elementor-element elementor-element-b0ea1ce\" data-id=\"b0ea1ce\" data-element_type=\"column\">\n\t\t\t<div class=\"elementor-widget-wrap elementor-element-populated\">\n\t\t\t\t\t\t<div class=\"elementor-element elementor-element-7fce057 elementor-widget elementor-widget-spacer\" data-id=\"7fce057\" data-element_type=\"widget\" data-widget_type=\"spacer.default\">\n\t\t\t\t<div class=\"elementor-widget-container\">\n\t\t\t\t\t\t\t<div class=\"elementor-spacer\">\n\t\t\t<div class=\"elementor-spacer-inner\"><\/div>\n\t\t<\/div>\n\t\t\t\t\t\t<\/div>\n\t\t\t\t<\/div>\n\t\t\t\t\t<\/div>\n\t\t<\/div>\n\t\t\t\t\t<\/div>\n\t\t<\/section>\n\t\t\t\t<section class=\"elementor-section elementor-top-section elementor-element elementor-element-8ccf8af elementor-section-boxed elementor-section-height-default elementor-section-height-default\" data-id=\"8ccf8af\" data-element_type=\"section\" data-settings=\"{&quot;background_background&quot;:&quot;classic&quot;}\">\n\t\t\t\t\t\t<div class=\"elementor-container elementor-column-gap-default\">\n\t\t\t\t\t<div class=\"elementor-column elementor-col-100 elementor-top-column elementor-element elementor-element-cfa74cb\" data-id=\"cfa74cb\" data-element_type=\"column\">\n\t\t\t<div class=\"elementor-widget-wrap elementor-element-populated\">\n\t\t\t\t\t\t<div class=\"elementor-element elementor-element-8cd0d9e elementor-widget elementor-widget-image\" data-id=\"8cd0d9e\" data-element_type=\"widget\" data-widget_type=\"image.default\">\n\t\t\t\t<div class=\"elementor-widget-container\">\n\t\t\t\t\t\t\t\t\t\t\t\t\t\t\t<img decoding=\"async\" width=\"350\" height=\"100\" src=\"https:\/\/autopromet.rs\/citroen\/wp-content\/uploads\/2023\/06\/LOGO-WHITE-AP.webp\" class=\"attachment-full size-full wp-image-54\" alt=\"\" srcset=\"https:\/\/autopromet.rs\/citroen\/wp-content\/uploads\/2023\/06\/LOGO-WHITE-AP.webp 350w, https:\/\/autopromet.rs\/citroen\/wp-content\/uploads\/2023\/06\/LOGO-WHITE-AP-300x86.webp 300w\" sizes=\"(max-width: 350px) 100vw, 350px\" \/>\t\t\t\t\t\t\t\t\t\t\t\t\t\t\t<\/div>\n\t\t\t\t<\/div>\n\t\t\t\t\t<\/div>\n\t\t<\/div>\n\t\t\t\t\t<\/div>\n\t\t<\/section>\n\t\t\t\t<\/div>\n\t\t","protected":false},"excerpt":{"rendered":"<p>Autopromet je ovla\u0161\u0107eni diler i serviser Citroen vozila na teritoriji Srbije. <\/p>\n","protected":false},"author":2,"featured_media":54,"parent":0,"menu_order":0,"comment_status":"closed","ping_status":"closed","template":"elementor_theme","meta":{"footnotes":""},"class_list":["post-32","page","type-page","status-publish","has-post-thumbnail","hentry"],"_links":{"self":[{"href":"https:\/\/autopromet.rs\/citroen\/wp-json\/wp\/v2\/pages\/32","targetHints":{"allow":["GET"]}}],"collection":[{"href":"https:\/\/autopromet.rs\/citroen\/wp-json\/wp\/v2\/pages"}],"about":[{"href":"https:\/\/autopromet.rs\/citroen\/wp-json\/wp\/v2\/types\/page"}],"author":[{"embeddable":true,"href":"https:\/\/autopromet.rs\/citroen\/wp-json\/wp\/v2\/users\/2"}],"replies":[{"embeddable":true,"href":"https:\/\/autopromet.rs\/citroen\/wp-json\/wp\/v2\/comments?post=32"}],"version-history":[{"count":34,"href":"https:\/\/autopromet.rs\/citroen\/wp-json\/wp\/v2\/pages\/32\/revisions"}],"predecessor-version":[{"id":1777,"href":"https:\/\/autopromet.rs\/citroen\/wp-json\/wp\/v2\/pages\/32\/revisions\/1777"}],"wp:featuredmedia":[{"embeddable":true,"href":"https:\/\/autopromet.rs\/citroen\/wp-json\/wp\/v2\/media\/54"}],"wp:attachment":[{"href":"https:\/\/autopromet.rs\/citroen\/wp-json\/wp\/v2\/media?parent=32"}],"curies":[{"name":"wp","href":"https:\/\/api.w.org\/{rel}","templated":true}]}}