{"id":27,"date":"2023-06-06T08:03:31","date_gmt":"2023-06-06T08:03:31","guid":{"rendered":"https:\/\/autopromet.rs\/citroen\/?page_id=27"},"modified":"2023-08-16T15:26:51","modified_gmt":"2023-08-16T15:26:51","slug":"staro-za-novo","status":"publish","type":"page","link":"https:\/\/autopromet.rs\/citroen\/staro-za-novo\/","title":{"rendered":"Staro za novo"},"content":{"rendered":"\t\t<div data-elementor-type=\"wp-page\" data-elementor-id=\"27\" class=\"elementor elementor-27\" data-elementor-post-type=\"page\">\n\t\t\t\t\t\t<section class=\"elementor-section elementor-top-section elementor-element elementor-element-269d041 elementor-section-boxed elementor-section-height-default elementor-section-height-default\" data-id=\"269d041\" data-element_type=\"section\">\n\t\t\t\t\t\t<div class=\"elementor-container elementor-column-gap-default\">\n\t\t\t\t\t<div class=\"elementor-column elementor-col-100 elementor-top-column elementor-element elementor-element-4302349\" data-id=\"4302349\" data-element_type=\"column\">\n\t\t\t<div class=\"elementor-widget-wrap elementor-element-populated\">\n\t\t\t\t\t\t<div class=\"elementor-element elementor-element-2f0b982 elementor-widget elementor-widget-spacer\" data-id=\"2f0b982\" data-element_type=\"widget\" data-widget_type=\"spacer.default\">\n\t\t\t\t<div class=\"elementor-widget-container\">\n\t\t\t\t\t\t\t<div class=\"elementor-spacer\">\n\t\t\t<div class=\"elementor-spacer-inner\"><\/div>\n\t\t<\/div>\n\t\t\t\t\t\t<\/div>\n\t\t\t\t<\/div>\n\t\t\t\t\t<\/div>\n\t\t<\/div>\n\t\t\t\t\t<\/div>\n\t\t<\/section>\n\t\t\t\t<section class=\"elementor-section elementor-top-section elementor-element elementor-element-43f617d elementor-section-boxed elementor-section-height-default elementor-section-height-default\" data-id=\"43f617d\" data-element_type=\"section\">\n\t\t\t\t\t\t<div class=\"elementor-container elementor-column-gap-narrow\">\n\t\t\t\t\t<div class=\"elementor-column elementor-col-50 elementor-top-column elementor-element elementor-element-f9c12f3\" data-id=\"f9c12f3\" data-element_type=\"column\">\n\t\t\t<div class=\"elementor-widget-wrap elementor-element-populated\">\n\t\t\t\t\t\t<div class=\"elementor-element elementor-element-2be9111 elementor-widget elementor-widget-heading\" data-id=\"2be9111\" data-element_type=\"widget\" data-widget_type=\"heading.default\">\n\t\t\t\t<div class=\"elementor-widget-container\">\n\t\t\t\t\t<h1 class=\"elementor-heading-title elementor-size-default\">Staro za novo ili otkup<\/h1>\t\t\t\t<\/div>\n\t\t\t\t<\/div>\n\t\t\t\t<div class=\"elementor-element elementor-element-24c23ea elementor-widget elementor-widget-spacer\" data-id=\"24c23ea\" data-element_type=\"widget\" data-widget_type=\"spacer.default\">\n\t\t\t\t<div class=\"elementor-widget-container\">\n\t\t\t\t\t\t\t<div class=\"elementor-spacer\">\n\t\t\t<div class=\"elementor-spacer-inner\"><\/div>\n\t\t<\/div>\n\t\t\t\t\t\t<\/div>\n\t\t\t\t<\/div>\n\t\t\t\t<div class=\"elementor-element elementor-element-5c322b6 elementor-widget elementor-widget-text-editor\" data-id=\"5c322b6\" data-element_type=\"widget\" data-widget_type=\"text-editor.default\">\n\t\t\t\t<div class=\"elementor-widget-container\">\n\t\t\t\t\t\t\t\t\tUmesto da razmi\u0161ljate kako i kome prodati, koliko \u0107e trajati prodaja, kakav administrativni lavirint zamena starog vozila novim donosi, do\u0111ite u prodajni salon Autoprometa na Be\u017eanijskoj kosi i obavite sve na jednom mestu.\nBez \u010dekanja u redovima, \u0161altera, bespotrebnog gubljenja vremena i strpljenja.\t\t\t\t\t\t\t\t<\/div>\n\t\t\t\t<\/div>\n\t\t\t\t<div class=\"elementor-element elementor-element-c6bc1d4 elementor-align-left elementor-mobile-align-center elementor-widget elementor-widget-button\" data-id=\"c6bc1d4\" data-element_type=\"widget\" data-widget_type=\"button.default\">\n\t\t\t\t<div class=\"elementor-widget-container\">\n\t\t\t\t\t\t\t\t\t<div class=\"elementor-button-wrapper\">\n\t\t\t\t\t<a class=\"elementor-button elementor-button-link elementor-size-md\" href=\"https:\/\/autopromet.rs\/citroen\/kontakt\/\">\n\t\t\t\t\t\t<span class=\"elementor-button-content-wrapper\">\n\t\t\t\t\t\t\t\t\t<span class=\"elementor-button-text\">Zatra\u017ei ponudu<\/span>\n\t\t\t\t\t<\/span>\n\t\t\t\t\t<\/a>\n\t\t\t\t<\/div>\n\t\t\t\t\t\t\t\t<\/div>\n\t\t\t\t<\/div>\n\t\t\t\t\t<\/div>\n\t\t<\/div>\n\t\t\t\t<div class=\"elementor-column elementor-col-50 elementor-top-column elementor-element elementor-element-b2c7823\" data-id=\"b2c7823\" data-element_type=\"column\">\n\t\t\t<div class=\"elementor-widget-wrap elementor-element-populated\">\n\t\t\t\t\t\t<div class=\"elementor-element elementor-element-9b60f35 elementor-widget elementor-widget-image\" data-id=\"9b60f35\" data-element_type=\"widget\" data-widget_type=\"image.default\">\n\t\t\t\t<div class=\"elementor-widget-container\">\n\t\t\t\t\t\t\t\t\t\t\t\t\t\t\t<img fetchpriority=\"high\" decoding=\"async\" width=\"1920\" height=\"1080\" src=\"https:\/\/autopromet.rs\/citroen\/wp-content\/uploads\/2023\/08\/c4-X-promo.webp\" class=\"attachment-full size-full wp-image-708\" alt=\"\" srcset=\"https:\/\/autopromet.rs\/citroen\/wp-content\/uploads\/2023\/08\/c4-X-promo.webp 1920w, https:\/\/autopromet.rs\/citroen\/wp-content\/uploads\/2023\/08\/c4-X-promo-300x169.webp 300w, https:\/\/autopromet.rs\/citroen\/wp-content\/uploads\/2023\/08\/c4-X-promo-1024x576.webp 1024w, https:\/\/autopromet.rs\/citroen\/wp-content\/uploads\/2023\/08\/c4-X-promo-768x432.webp 768w, https:\/\/autopromet.rs\/citroen\/wp-content\/uploads\/2023\/08\/c4-X-promo-1536x864.webp 1536w\" sizes=\"(max-width: 1920px) 100vw, 1920px\" \/>\t\t\t\t\t\t\t\t\t\t\t\t\t\t\t<\/div>\n\t\t\t\t<\/div>\n\t\t\t\t\t<\/div>\n\t\t<\/div>\n\t\t\t\t\t<\/div>\n\t\t<\/section>\n\t\t\t\t<section class=\"elementor-section elementor-top-section elementor-element elementor-element-ac41f0b elementor-section-boxed elementor-section-height-default elementor-section-height-default\" data-id=\"ac41f0b\" data-element_type=\"section\">\n\t\t\t\t\t\t<div class=\"elementor-container elementor-column-gap-default\">\n\t\t\t\t\t<div class=\"elementor-column elementor-col-100 elementor-top-column elementor-element elementor-element-7b8d9ee\" data-id=\"7b8d9ee\" data-element_type=\"column\">\n\t\t\t<div class=\"elementor-widget-wrap elementor-element-populated\">\n\t\t\t\t\t\t<div class=\"elementor-element elementor-element-f1db524 elementor-widget elementor-widget-spacer\" data-id=\"f1db524\" data-element_type=\"widget\" data-widget_type=\"spacer.default\">\n\t\t\t\t<div class=\"elementor-widget-container\">\n\t\t\t\t\t\t\t<div class=\"elementor-spacer\">\n\t\t\t<div class=\"elementor-spacer-inner\"><\/div>\n\t\t<\/div>\n\t\t\t\t\t\t<\/div>\n\t\t\t\t<\/div>\n\t\t\t\t\t<\/div>\n\t\t<\/div>\n\t\t\t\t\t<\/div>\n\t\t<\/section>\n\t\t\t\t<\/div>\n\t\t","protected":false},"excerpt":{"rendered":"<p>Autopromet Vam nudi opciju zamene Va\u0161eg starog automobila za potpuno nov CItroen automobil po povoljnim uslovima. <\/p>\n","protected":false},"author":2,"featured_media":0,"parent":0,"menu_order":0,"comment_status":"closed","ping_status":"closed","template":"elementor_theme","meta":{"footnotes":""},"class_list":["post-27","page","type-page","status-publish","hentry"],"_links":{"self":[{"href":"https:\/\/autopromet.rs\/citroen\/wp-json\/wp\/v2\/pages\/27","targetHints":{"allow":["GET"]}}],"collection":[{"href":"https:\/\/autopromet.rs\/citroen\/wp-json\/wp\/v2\/pages"}],"about":[{"href":"https:\/\/autopromet.rs\/citroen\/wp-json\/wp\/v2\/types\/page"}],"author":[{"embeddable":true,"href":"https:\/\/autopromet.rs\/citroen\/wp-json\/wp\/v2\/users\/2"}],"replies":[{"embeddable":true,"href":"https:\/\/autopromet.rs\/citroen\/wp-json\/wp\/v2\/comments?post=27"}],"version-history":[{"count":49,"href":"https:\/\/autopromet.rs\/citroen\/wp-json\/wp\/v2\/pages\/27\/revisions"}],"predecessor-version":[{"id":771,"href":"https:\/\/autopromet.rs\/citroen\/wp-json\/wp\/v2\/pages\/27\/revisions\/771"}],"wp:attachment":[{"href":"https:\/\/autopromet.rs\/citroen\/wp-json\/wp\/v2\/media?parent=27"}],"curies":[{"name":"wp","href":"https:\/\/api.w.org\/{rel}","templated":true}]}}