{"id":22,"date":"2023-06-06T08:02:50","date_gmt":"2023-06-06T08:02:50","guid":{"rendered":"https:\/\/autopromet.rs\/citroen\/?page_id=22"},"modified":"2023-08-31T20:14:43","modified_gmt":"2023-08-31T20:14:43","slug":"servis","status":"publish","type":"page","link":"https:\/\/autopromet.rs\/citroen\/servis\/","title":{"rendered":"Servis"},"content":{"rendered":"\t\t<div data-elementor-type=\"wp-page\" data-elementor-id=\"22\" class=\"elementor elementor-22\" data-elementor-post-type=\"page\">\n\t\t\t\t\t\t<section class=\"elementor-section elementor-top-section elementor-element elementor-element-fb5dbe3 elementor-section-boxed elementor-section-height-default elementor-section-height-default\" data-id=\"fb5dbe3\" data-element_type=\"section\">\n\t\t\t\t\t\t<div class=\"elementor-container elementor-column-gap-default\">\n\t\t\t\t\t<div class=\"elementor-column elementor-col-100 elementor-top-column elementor-element elementor-element-4f87dcc\" data-id=\"4f87dcc\" data-element_type=\"column\">\n\t\t\t<div class=\"elementor-widget-wrap elementor-element-populated\">\n\t\t\t\t\t\t<div class=\"elementor-element elementor-element-b5c94db elementor-widget elementor-widget-spacer\" data-id=\"b5c94db\" data-element_type=\"widget\" data-widget_type=\"spacer.default\">\n\t\t\t\t<div class=\"elementor-widget-container\">\n\t\t\t\t\t\t\t<div class=\"elementor-spacer\">\n\t\t\t<div class=\"elementor-spacer-inner\"><\/div>\n\t\t<\/div>\n\t\t\t\t\t\t<\/div>\n\t\t\t\t<\/div>\n\t\t\t\t\t<\/div>\n\t\t<\/div>\n\t\t\t\t\t<\/div>\n\t\t<\/section>\n\t\t\t\t<section class=\"elementor-section elementor-top-section elementor-element elementor-element-4c07bac elementor-section-boxed elementor-section-height-default elementor-section-height-default\" data-id=\"4c07bac\" data-element_type=\"section\">\n\t\t\t\t\t\t<div class=\"elementor-container elementor-column-gap-narrow\">\n\t\t\t\t\t<div class=\"elementor-column elementor-col-50 elementor-top-column elementor-element elementor-element-1bf575d\" data-id=\"1bf575d\" data-element_type=\"column\">\n\t\t\t<div class=\"elementor-widget-wrap elementor-element-populated\">\n\t\t\t\t\t\t<div class=\"elementor-element elementor-element-2c2bd50 elementor-widget elementor-widget-heading\" data-id=\"2c2bd50\" data-element_type=\"widget\" data-widget_type=\"heading.default\">\n\t\t\t\t<div class=\"elementor-widget-container\">\n\t\t\t\t\t<h1 class=\"elementor-heading-title elementor-size-default\">Servis<\/h1>\t\t\t\t<\/div>\n\t\t\t\t<\/div>\n\t\t\t\t<div class=\"elementor-element elementor-element-e394400 elementor-widget elementor-widget-spacer\" data-id=\"e394400\" data-element_type=\"widget\" data-widget_type=\"spacer.default\">\n\t\t\t\t<div class=\"elementor-widget-container\">\n\t\t\t\t\t\t\t<div class=\"elementor-spacer\">\n\t\t\t<div class=\"elementor-spacer-inner\"><\/div>\n\t\t<\/div>\n\t\t\t\t\t\t<\/div>\n\t\t\t\t<\/div>\n\t\t\t\t<div class=\"elementor-element elementor-element-c730131 elementor-widget elementor-widget-text-editor\" data-id=\"c730131\" data-element_type=\"widget\" data-widget_type=\"text-editor.default\">\n\t\t\t\t<div class=\"elementor-widget-container\">\n\t\t\t\t\t\t\t\t\tAutopromet je ovla\u0161\u0107eni serviser Citro\u00ebn vozila za teritoriju Srbije. Pored pru\u017eanja usluga odr\u017eavanja vozila u garantnom roku, bavimo se i popravkom i servisiranjem starijih vozila. U sklopu Autopromet servisa nalazi se i limarsko-farbarska radionica. U slu\u010daju da Vam je potreban neki deo za Va\u0161e Citroen vozilo, kontaktirajte nas i kupite originalne delove za Citroen vozila.\t\t\t\t\t\t\t\t<\/div>\n\t\t\t\t<\/div>\n\t\t\t\t<div class=\"elementor-element elementor-element-0fa2276 elementor-align-left elementor-mobile-align-center elementor-widget elementor-widget-button\" data-id=\"0fa2276\" data-element_type=\"widget\" data-widget_type=\"button.default\">\n\t\t\t\t<div class=\"elementor-widget-container\">\n\t\t\t\t\t\t\t\t\t<div class=\"elementor-button-wrapper\">\n\t\t\t\t\t<a class=\"elementor-button elementor-button-link elementor-size-md\" href=\"https:\/\/autopromet.rs\/citroen\/kontakt\/\">\n\t\t\t\t\t\t<span class=\"elementor-button-content-wrapper\">\n\t\t\t\t\t\t\t\t\t<span class=\"elementor-button-text\">Kontaktirajte nas<\/span>\n\t\t\t\t\t<\/span>\n\t\t\t\t\t<\/a>\n\t\t\t\t<\/div>\n\t\t\t\t\t\t\t\t<\/div>\n\t\t\t\t<\/div>\n\t\t\t\t\t<\/div>\n\t\t<\/div>\n\t\t\t\t<div class=\"elementor-column elementor-col-50 elementor-top-column elementor-element elementor-element-7de58c5\" data-id=\"7de58c5\" data-element_type=\"column\">\n\t\t\t<div class=\"elementor-widget-wrap elementor-element-populated\">\n\t\t\t\t\t\t<div class=\"elementor-element elementor-element-1b18c76 elementor-widget elementor-widget-image\" data-id=\"1b18c76\" data-element_type=\"widget\" data-widget_type=\"image.default\">\n\t\t\t\t<div class=\"elementor-widget-container\">\n\t\t\t\t\t\t\t\t\t\t\t\t\t\t\t<img fetchpriority=\"high\" decoding=\"async\" width=\"1706\" height=\"2048\" src=\"https:\/\/autopromet.rs\/citroen\/wp-content\/uploads\/2023\/08\/sten-rademaker-UZUzvJEvKnI-unsplash-scaled-e1692182054722.jpg\" class=\"attachment-full size-full wp-image-617\" alt=\"\" srcset=\"https:\/\/autopromet.rs\/citroen\/wp-content\/uploads\/2023\/08\/sten-rademaker-UZUzvJEvKnI-unsplash-scaled-e1692182054722.jpg 1706w, https:\/\/autopromet.rs\/citroen\/wp-content\/uploads\/2023\/08\/sten-rademaker-UZUzvJEvKnI-unsplash-scaled-e1692182054722-250x300.jpg 250w, https:\/\/autopromet.rs\/citroen\/wp-content\/uploads\/2023\/08\/sten-rademaker-UZUzvJEvKnI-unsplash-scaled-e1692182054722-853x1024.jpg 853w, https:\/\/autopromet.rs\/citroen\/wp-content\/uploads\/2023\/08\/sten-rademaker-UZUzvJEvKnI-unsplash-scaled-e1692182054722-768x922.jpg 768w, https:\/\/autopromet.rs\/citroen\/wp-content\/uploads\/2023\/08\/sten-rademaker-UZUzvJEvKnI-unsplash-scaled-e1692182054722-1280x1536.jpg 1280w\" sizes=\"(max-width: 1706px) 100vw, 1706px\" \/>\t\t\t\t\t\t\t\t\t\t\t\t\t\t\t<\/div>\n\t\t\t\t<\/div>\n\t\t\t\t\t<\/div>\n\t\t<\/div>\n\t\t\t\t\t<\/div>\n\t\t<\/section>\n\t\t\t\t<section class=\"elementor-section elementor-top-section elementor-element elementor-element-747afbe elementor-section-boxed elementor-section-height-default elementor-section-height-default\" data-id=\"747afbe\" data-element_type=\"section\">\n\t\t\t\t\t\t<div class=\"elementor-container elementor-column-gap-default\">\n\t\t\t\t\t<div class=\"elementor-column elementor-col-100 elementor-top-column elementor-element elementor-element-58b34e3\" data-id=\"58b34e3\" data-element_type=\"column\">\n\t\t\t<div class=\"elementor-widget-wrap elementor-element-populated\">\n\t\t\t\t\t\t<div class=\"elementor-element elementor-element-564ea5c elementor-widget elementor-widget-spacer\" data-id=\"564ea5c\" data-element_type=\"widget\" data-widget_type=\"spacer.default\">\n\t\t\t\t<div class=\"elementor-widget-container\">\n\t\t\t\t\t\t\t<div class=\"elementor-spacer\">\n\t\t\t<div class=\"elementor-spacer-inner\"><\/div>\n\t\t<\/div>\n\t\t\t\t\t\t<\/div>\n\t\t\t\t<\/div>\n\t\t\t\t\t<\/div>\n\t\t<\/div>\n\t\t\t\t\t<\/div>\n\t\t<\/section>\n\t\t\t\t<\/div>\n\t\t","protected":false},"excerpt":{"rendered":"<p>Autopromet je oficijalni serviser za Citroen vozila u Srbiji.<\/p>\n","protected":false},"author":2,"featured_media":617,"parent":0,"menu_order":0,"comment_status":"closed","ping_status":"closed","template":"elementor_theme","meta":{"footnotes":""},"class_list":["post-22","page","type-page","status-publish","has-post-thumbnail","hentry"],"_links":{"self":[{"href":"https:\/\/autopromet.rs\/citroen\/wp-json\/wp\/v2\/pages\/22","targetHints":{"allow":["GET"]}}],"collection":[{"href":"https:\/\/autopromet.rs\/citroen\/wp-json\/wp\/v2\/pages"}],"about":[{"href":"https:\/\/autopromet.rs\/citroen\/wp-json\/wp\/v2\/types\/page"}],"author":[{"embeddable":true,"href":"https:\/\/autopromet.rs\/citroen\/wp-json\/wp\/v2\/users\/2"}],"replies":[{"embeddable":true,"href":"https:\/\/autopromet.rs\/citroen\/wp-json\/wp\/v2\/comments?post=22"}],"version-history":[{"count":40,"href":"https:\/\/autopromet.rs\/citroen\/wp-json\/wp\/v2\/pages\/22\/revisions"}],"predecessor-version":[{"id":1761,"href":"https:\/\/autopromet.rs\/citroen\/wp-json\/wp\/v2\/pages\/22\/revisions\/1761"}],"wp:featuredmedia":[{"embeddable":true,"href":"https:\/\/autopromet.rs\/citroen\/wp-json\/wp\/v2\/media\/617"}],"wp:attachment":[{"href":"https:\/\/autopromet.rs\/citroen\/wp-json\/wp\/v2\/media?parent=22"}],"curies":[{"name":"wp","href":"https:\/\/api.w.org\/{rel}","templated":true}]}}